{"id":6550,"date":"2021-01-29T13:36:46","date_gmt":"2021-01-29T17:36:46","guid":{"rendered":"http:\/\/clah.h-net.org\/?page_id=6550"},"modified":"2025-10-13T20:15:36","modified_gmt":"2025-10-14T00:15:36","slug":"digital-projects","status":"publish","type":"page","link":"https:\/\/clah.h-net.org\/?page_id=6550","title":{"rendered":"Digital Projects"},"content":{"rendered":"\n<p class=\"has-text-align-center\"><strong>Conference on Latin American History<\/strong><\/p>\n\n\n\n<p class=\"has-text-align-center\"><strong>Digital Projects by Members<\/strong><\/p>\n\n\n\n<p class=\"has-text-align-center\"><img loading=\"lazy\" decoding=\"async\" width=\"228\" height=\"152\" src=\"https:\/\/mail.google.com\/mail\/u\/0?ui=2&amp;ik=cb0694ee9b&amp;attid=0.0.1&amp;permmsgid=msg-f:1690233588721862344&amp;th=1774ea7e633346c8&amp;view=fimg&amp;sz=s0-l75-ft&amp;attbid=ANGjdJ_7o8TOnye32e-q7FFsQ9WXiB3pMtCTKOFuz9-E6ESBJ95Wk3FMt9f2GFoMjKNaG-duIN-hi9PYxp56TC7vjHlxedBWwRirVjHgg-SjBaHENXUrywg4uH5YGn8&amp;disp=emb&amp;realattid=1774ea49c7b4ce8e91\" alt=\"Decorations for Mexican fiesta\"><\/p>\n\n\n\n<p>CLAH is delighted to showcase member projects that are scholarly contributions and can serve as creative teaching resources. Of course, there exist a wealth of catalogs, digital libraries, news amalgamators, and repositories in addition to these kinds of projects. A wonderful example is the \u201c<a rel=\"noreferrer noopener\" href=\"https:\/\/salalm.org\/collection-development-resources\/digital-primary-resources\" target=\"_blank\">Latin American Digital Primary Resources Database\u201d<\/a>&nbsp;&nbsp;for the organization SALAM, with which our member Antonio Sotomayor is associated. And there are terrific online publications such as&nbsp;<a rel=\"noreferrer noopener\" href=\"http:\/\/www.nursingclio.org\/\" target=\"_blank\">Nursing Clio,<\/a>&nbsp;where member Cassia Roth serves as part of the editorial team. While we won&#8217;t typically feature these kinds of projects, any endeavor to decide what is a scholarly or teaching project, as opposed to a finding aid or news site, is far from straight forward. As the &#8220;archival turn&#8221; has shown us, even finding aides are curated affairs rather than the result of some transparent, objective, total project. For this reason, we encourage members using this site to think, talk, and debate what digitalization and scholarship in and on Latin America have to do with one another, especially as these kinds of resources and activities among our members proliferate.&nbsp; We also include a&nbsp;<a href=\"https:\/\/mail.google.com\/mail\/u\/0\/#m_-9193395650155069010_m_4962370670673558378_Reading\">&#8220;For Further Reading&#8221; at the bottom of this page message,<\/a>&nbsp;including work by our past president, to inspire you.&nbsp; And watch for calls for updated lists in the future!<\/p>\n\n\n\n<p>Member Name: Pilar Maria Herr<br>Project Name: Parlamentos<br>Link: <a href=\"https:\/\/www.parlamentos.pitt.edu\/\">https:\/\/www.parlamentos.pitt.edu\/<\/a><\/p>\n\n\n\n<p>A born-digital, scholarly project to transcribe and translate <em>parlamentos<\/em>, treaties signed at meetings between agents of the Spanish Empire (and later the Chilean state) and Mapuche leaders in southern Chile&#8217;s borderlands region of Araucan\u00eda during the seventeenth, eighteenth, and nineteenth centuries<\/p>\n\n\n\n<p>Member Name: Maria Cabrera Arus<br>Project Name: Cuba Material<br>Link:\u00a0<a href=\"https:\/\/cubamaterial.com\/\" target=\"_blank\" rel=\"noreferrer noopener\">https:\/\/cubamaterial.com<\/a><br><br>A digital archive and collection of Cuban material culture (1959-1989, mostly)\u00a0<\/p>\n\n\n\n<figure class=\"wp-block-image\"><img decoding=\"async\" src=\"https:\/\/mail.google.com\/mail\/u\/0?ui=2&amp;ik=cb0694ee9b&amp;attid=0.0.2&amp;permmsgid=msg-f:1690233588721862344&amp;th=1774ea7e633346c8&amp;view=fimg&amp;sz=s0-l75-ft&amp;attbid=ANGjdJ8YcvniJ3vmTMffa8bi5OSDiRMFY4c71R9DlRoMVi9l-Qd2YPC4zhI-Ug2nqV2dIHXiEDXZBEfPO-2DOz2hjvUp4CUEL7WfmRw2ZyKHWBnTbyr6PhYZYgCgIE0&amp;disp=emb&amp;realattid=1774ea49c7c5b16b22\" alt=\"\"\/><\/figure>\n\n\n\n<p>Member Name: Ernesto Bassi<br>Project title: Hispania GlobalLink:&nbsp;<a rel=\"noreferrer noopener\" href=\"https:\/\/ernestobassi.wixsite.com\/hispaniaglobal\" target=\"_blank\">https:\/\/ernestobassi.wixsite.com\/hispaniaglobal<\/a>&nbsp;(or as hyperlink:&nbsp;<a rel=\"noreferrer noopener\" href=\"https:\/\/ernestobassi.wixsite.com\/hispaniaglobal\" target=\"_blank\">Hispania Global<\/a>) <br><br> This website is the result of a class I taught in Sevilla, Spain, during the course of which I took students to the Archivo General de Indias (AGI) to conduct research with documents that could show the role the Spanish Empire played in the establishment and development of global connections during the eighteenth century.<\/p>\n\n\n\n<figure class=\"wp-block-image\"><img decoding=\"async\" src=\"https:\/\/mail.google.com\/mail\/u\/0?ui=2&amp;ik=cb0694ee9b&amp;attid=0.0.2&amp;permmsgid=msg-f:1690233588721862344&amp;th=1774ea7e633346c8&amp;view=fimg&amp;sz=s0-l75-ft&amp;attbid=ANGjdJ_VnkjQblaYQlfRaieHUNrTco9pAMQ0XiZFEhWAYZNZhKssAEhlil5jHif4pMhQD8tpEAE7az1wk2bD3jZ77LpKJ_Bufx5Y52UFkm7khH9YxG7TiFEQl4a6dFo&amp;disp=emb&amp;realattid=1774ea49c7c5b16b22\" alt=\"\"\/><\/figure>\n\n\n\n<p>Member Name: Allison Bigelow<br>Project Title: Multepal<br>Link:&nbsp;<a rel=\"noreferrer noopener\" href=\"https:\/\/multepal.github.io\/popolwuj\/\" target=\"_blank\">https:\/\/multepal.github.io\/popolwuj\/<\/a><\/p>\n\n\n\n<p>Multepal, meaning &#8220;Joint Rule&#8221; in Classic Yucatec Maya, is a thematic research collection for students and scholars of colonial Mesoamerica, with a current focus on a digital critical edition of the Popol Wuj that maps the &nbsp;characters, places, and technologies referenced in the creation narrative onto a network of topics reflective of a historically-grounded Mayan cosmovision.&nbsp;<\/p>\n\n\n\n<figure class=\"wp-block-image\"><img decoding=\"async\" src=\"https:\/\/mail.google.com\/mail\/u\/0?ui=2&amp;ik=cb0694ee9b&amp;attid=0.0.2&amp;permmsgid=msg-f:1690233588721862344&amp;th=1774ea7e633346c8&amp;view=fimg&amp;sz=s0-l75-ft&amp;attbid=ANGjdJ-MNQkAH2B6f5CD9-IV7bz1MxiBXyHnWKJWKQuFzTvWLJGs__FWJgmuIzM3XrL9Db865-Gj_sXHTbGij5jiapXg5x49aCGWT__JZxHhUEYWeoDewian5bnaBJs&amp;disp=emb&amp;realattid=1774ea49c7c5b16b22\" alt=\"\"\/><\/figure>\n\n\n\n<p>Member Name: Brittany Erwin<br>Project Title: Bureaucracy on the Ground in Colonial Mexico: the 1765 Visita&nbsp;<br>Link:&nbsp;<a rel=\"noreferrer noopener\" href=\"http:\/\/sites.utexas.edu\/llilasbensonds\/collection-resources\/galvez-visita\/\" target=\"_blank\">http:\/\/sites.utexas.edu\/llilasbensonds\/collection-resources\/galvez-visita\/&nbsp;<\/a><\/p>\n\n\n\n<p>Produced in partnership with the Benson Latin American Collection, this project aims to provide an interactive space for exploring what it meant to govern an empire through measures such as royal inspections, or visitas.&nbsp;<\/p>\n\n\n\n<figure class=\"wp-block-image\"><img decoding=\"async\" src=\"https:\/\/mail.google.com\/mail\/u\/0?ui=2&amp;ik=cb0694ee9b&amp;attid=0.0.2&amp;permmsgid=msg-f:1690233588721862344&amp;th=1774ea7e633346c8&amp;view=fimg&amp;sz=s0-l75-ft&amp;attbid=ANGjdJ9hVEOacpltj1v-sdWlm-6OYostzwREIjgzxtcoG9qu0idFH0VU5IecepZeWPJ7En71ihzOF4IDCkIbOlEHhC_vKKEPGWs0_Wo7jOSf2gH_7fGD7ZtNYhRXdhc&amp;disp=emb&amp;realattid=1774ea49c7c5b16b22\" alt=\"\"\/><\/figure>\n\n\n\n<p>Member Name: Frederico Freitas<br>Title: The Making of a Forest: Landscape Change at the Argentina-Brazil Border<br>Link:&nbsp;<a rel=\"noreferrer noopener\" href=\"https:\/\/ncsu.maps.arcgis.com\/apps\/MapJournal\/index.html?appid=4a485dc6ab21476a897ad9afce4a1e9d%27\" target=\"_blank\">https:\/\/ncsu.maps.arcgis.com\/apps\/MapJournal\/index.html?appid=4a485dc6ab21476a897ad9afce4a1e9d<\/a><\/p>\n\n\n\n<p>This series of interactive maps are a sequel to the ones I launched in 2014.&nbsp; They show deforestation and reforestation in national parks at the border between Brazil and Argentina, between the 1950s and the 2010s. They use as source aerial imagery unearthed from Brazilian archives and historical satellite pictures, including some from&nbsp;<a rel=\"noreferrer noopener\" href=\"https:\/\/en.wikipedia.org\/wiki\/Corona_(satellite)\" target=\"_blank\">US spy satellites<\/a>&nbsp;from the 1960s. The visualizations show the impressive environmental change occurring in almost seven decades, when this borderland area went from being a dense of&nbsp;<a rel=\"noreferrer noopener\" href=\"https:\/\/en.wikipedia.org\/wiki\/Atlantic_Forest\" target=\"_blank\">subtropical rainforest<\/a>&nbsp;to become a sea of small family farms as thousands of settlers&nbsp;<a rel=\"noreferrer noopener\" href=\"https:\/\/en.wikipedia.org\/wiki\/Triple_Frontier\" target=\"_blank\">moved into the area.<\/a>&nbsp;They also show the effectiveness of national parks as a protection against deforestation.<\/p>\n\n\n\n<figure class=\"wp-block-image\"><img decoding=\"async\" src=\"https:\/\/mail.google.com\/mail\/u\/0?ui=2&amp;ik=cb0694ee9b&amp;attid=0.0.2&amp;permmsgid=msg-f:1690233588721862344&amp;th=1774ea7e633346c8&amp;view=fimg&amp;sz=s0-l75-ft&amp;attbid=ANGjdJ8bCb8rRkVsp2NcLRO_3SaggUSNc_ssjJsWzyAQ0bCpa0aTu6-2xMpZgkQZRw5O4yxiq98tICf509UZvTXwCBKMy-EyAS3guuXhAmANbW_VSo8-zGAgJF6Il20&amp;disp=emb&amp;realattid=1774ea49c7c5b16b22\" alt=\"\"\/><\/figure>\n\n\n\n<p>Member Name: James Green<br>Project Title: Opening the Archives: Documenting US-Brazil Relations, 1960s-80s<br>Link:&nbsp;<a rel=\"noreferrer noopener\" href=\"https:\/\/library.brown.edu\/create\/openingthearchives\/en\" target=\"_blank\">https:\/\/library.brown.edu\/create\/openingthearchives\/en<\/a><\/p>\n\n\n\n<p>&nbsp;<a rel=\"noreferrer noopener\" href=\"http:\/\/library.brown.edu\/openingthearchives\/\" target=\"_blank\">Opening the Archives<\/a>&nbsp;is a joint effort by Brown University and the Universidade Estadual de Maring\u00e1, Paran\u00e1, Brazil to digitize and index 100,000 U.S. State Department documents on Brazil from 1963-73 and make them available to the public on an open-access website.<\/p>\n\n\n\n<p>Member Name: Robert Karl<br>Project Title: Interactive Maps of Colombia for Forgotten Peace<br>Link: <a href=\"http:\/\/www.rakarl.com\/research\/forgotten-peace\">http:\/\/www.rakarl.com\/research\/forgotten-peace<\/a><\/p>\n\n\n\n<p> These two maps, which accompany the book&nbsp;Forgotten Peace: Reform, Violence, and the Making of Contemporary Colombia, show how the spatial distribution of violence both influenced public policy and created durable ideas about Colombia as a violent country.&nbsp;<\/p>\n\n\n\n<p>Member Name: Jane Landers<br>Project Title: Slave Socieites Digital Archive<br>Link:&nbsp;<a rel=\"noreferrer noopener\" href=\"https:\/\/www.slavesocieties.org\/\" target=\"_blank\">https:\/\/www.slavesocieties.org<\/a><\/p>\n\n\n\n<p>The Slave Societies Digital Archive (formerly Ecclesiastical and Secular Sources for Slave Societies), directed by Jane Landers and hosted at Vanderbilt University, preserves endangered ecclesiastical and secular documents related to Africans and African-descended peoples in slave societies. SSDA holdings include more than 700,000 digital images drawn close to 2,000 unique volumes dating from the sixteenth through twentieth centuries that document the lives of an estimated four to six million individuals. This collection contains the most extensive serial records for the history of Africans in the Atlantic World, and also includes valuable information about the indigenous, European, and Asian populations who lived alongside them.<\/p>\n\n\n\n<p>Member Name: Barbara Mundy<br>Project Title: Vistas<br>Link:&nbsp;<a rel=\"noreferrer noopener\" href=\"https:\/\/vistas.ace.fordham.edu\/\" target=\"_blank\">https:\/\/vistas.ace.fordham.edu<\/a><\/p>\n\n\n\n<p>The&nbsp;Vistas&nbsp;project seeks to bring an understanding of the visual culture of Spanish America to a broad audience by offering a&nbsp;gallery of high-resolution color images, each of them fully annotated, videos and interpretive essays on&nbsp;Vista\u2019s&nbsp;six themes, along with primary documents relating to visual culture.<\/p>\n\n\n\n<figure class=\"wp-block-image\"><img decoding=\"async\" src=\"https:\/\/mail.google.com\/mail\/u\/0?ui=2&amp;ik=cb0694ee9b&amp;attid=0.0.2&amp;permmsgid=msg-f:1690233588721862344&amp;th=1774ea7e633346c8&amp;view=fimg&amp;sz=s0-l75-ft&amp;attbid=ANGjdJ-tBsdjs3bp9AIvqNeQJSu4hNwYhCIKbgysa6C5QW1CDcd5C9ixAordoc1W4_FN8cD2NcfXGuqV_uGCsbZHit_ceNro44Awt-V-DU4AvmRwngKtCswttg1-GSI&amp;disp=emb&amp;realattid=1774ea49c7c5b16b22\" alt=\"\"\/><\/figure>\n\n\n\n<p>Member Name: Alida Metcalf<br>Project Title:&nbsp;imagineRio<br>Link:&nbsp;<a rel=\"noreferrer noopener\" href=\"http:\/\/hrc.rice.edu\/imagineRio\/\" target=\"_blank\">http:\/\/hrc.rice.edu\/imagineRio\/<\/a>&nbsp;<\/p>\n\n\n\n<p>imagine Rio&nbsp;illustrates the social and urban evolution of Rio de Janeiro, as it existed and as it was imagined, through the geocoding of historical maps, architectural plans, and views of the city into a highly accurate and time-sensitive map.&nbsp;&nbsp;<\/p>\n\n\n\n<p>Member Name: Bianca Premo<br>Project Title: Domains: The Colonial Spanish America Digital Jurisdictions Project<br>Link:&nbsp;<a rel=\"noreferrer noopener\" href=\"https:\/\/fiugis.maps.arcgis.com\/apps\/MapSeries\/index.html?appid=c19e8607b13e4592b0eab0f197b9bb95\" target=\"_blank\">https:\/\/fiugis.maps.arcgis.com\/apps\/MapSeries\/index.html?appid=c19e8607b13e4592b0eab0f197b9bb95<\/a><\/p>\n\n\n\n<p>This project maps the&nbsp;competing and collaborative, contiguous and concentric legal authorities in colonial Spanish America. Created by a&nbsp;team of post-docs, doctoral students and faculty from Florida International University\u2019s Department of History, it is an ongoing project that seeks to represent the overlapping layers of legal jurisdiction, which was one of the more multifaceted aspects of people\u2019s relationship to power and place in the&nbsp;colonial past. Appropriate for teaching.<\/p>\n\n\n\n<figure class=\"wp-block-image\"><img decoding=\"async\" src=\"https:\/\/mail.google.com\/mail\/u\/0?ui=2&amp;ik=cb0694ee9b&amp;attid=0.0.2&amp;permmsgid=msg-f:1690233588721862344&amp;th=1774ea7e633346c8&amp;view=fimg&amp;sz=s0-l75-ft&amp;attbid=ANGjdJ_0uwDOmgCjddvi6XlAd7YhFkFQ6E-Ze-3rt4uQuGksfEEubSUusjssb82rTcR_kbe3i4FiFzc5Hp72Gj-c0snNu-0V3rZk5dmAeVFLfR98uo4mwGXmYaGs-Zc&amp;disp=emb&amp;realattid=1774ea49c7c5b16b22\" alt=\"\"\/><\/figure>\n\n\n\n<p>Member Name: Julia Rodriguez<br>Project Title: History of Science in Latin America and the Caribbean<br>Link:&nbsp;<a rel=\"noreferrer noopener\" href=\"http:\/\/www.hoslac.org\/\" target=\"_blank\">www.hoslac.org<\/a><\/p>\n\n\n\n<p>HOSLAC is a digitized collection of visual primary sources about the history of science, technology and medicine in Latin America and the Caribbean. With&nbsp;over 200 digitized, annotated, and searchable primary sources from pre-Columbian times to the modern day, organized into 30 thematic units, HOSLAC is ideal for teaching and preliminary student research in Latin American history, Atlantic history, the history of science, and the history of medicine.<\/p>\n\n\n\n<figure class=\"wp-block-image\"><img decoding=\"async\" src=\"https:\/\/mail.google.com\/mail\/u\/0?ui=2&amp;ik=cb0694ee9b&amp;attid=0.0.2&amp;permmsgid=msg-f:1690233588721862344&amp;th=1774ea7e633346c8&amp;view=fimg&amp;sz=s0-l75-ft&amp;attbid=ANGjdJ9TfGaSvHfXnFCQFf0ZRx-XHHqkCgfNIbWtJm61pVPq5lk-EvIy-to40CFOUXffhPJuIgRNMV0ImOvCsBlFZPoEC-wgrSze1ftXtU70pZ8XbS3ITBy3g8K65yQ&amp;disp=emb&amp;realattid=1774ea49c7c5b16b22\" alt=\"\"\/><\/figure>\n\n\n\n<p>Member Name: Chelsea Stieber<br>Project title: RSHHGG Lab<br>Link:&nbsp;<a rel=\"noreferrer noopener\" href=\"http:\/\/rshhgglab.com\/\" target=\"_blank\">http:\/\/rshhgglab.com<\/a><br><br>The RSHHGG Lab is an interactive online index of over 90 years of the&nbsp;Revue de la Soci\u00e9t\u00e9 Ha\u00eftienne d\u2019Histoire, de G\u00e9ographie et de G\u00e9ologie, the official publication of Haiti\u2019s oldest intellectual society that is still active today.<\/p>\n\n\n\n<p>Member Name: Margarita Vargas-Betancourt:<br>Project Title:&nbsp;<a rel=\"noreferrer noopener\" href=\"http:\/\/exhibits.uflib.ufl.edu\/cubanamericandream\" target=\"_blank\">The Cuban American Dream: A Timeline<\/a><br>Link:&nbsp;<a rel=\"noreferrer noopener\" href=\"http:\/\/exhibits.uflib.ufl.edu\/cubanamericandream\/\" target=\"_blank\">http:\/\/exhibits.uflib.ufl.edu\/cubanamericandream\/<\/a><br><br>A timeline of events that explore the reasons behind the immigration of Cubans to Florida from the 16th to the 21st century, the pressure that such immigration brought to local and state governments, the reactions of Floridian communities to Cuban immigrants, the ways in which Cuban immigrants adapted to their new reality, and the contribution of Cuban immigration to Florida.<\/p>\n\n\n\n<figure class=\"wp-block-image\"><img decoding=\"async\" src=\"https:\/\/mail.google.com\/mail\/u\/0?ui=2&amp;ik=cb0694ee9b&amp;attid=0.0.2&amp;permmsgid=msg-f:1690233588721862344&amp;th=1774ea7e633346c8&amp;view=fimg&amp;sz=s0-l75-ft&amp;attbid=ANGjdJ9DpQQ0DDqfp_GfYKL2LPDFr162Eo7rJVPg0xxSx6k2H1zLE6jOAjoALkJ-_dzACANwFX7gLWVnMpmsI9of7Qfs-YeFbbGV8Ihdu8jFNsFd6BKexFFPDw5aLFU&amp;disp=emb&amp;realattid=1774ea49c7c5b16b22\" alt=\"\"\/><\/figure>\n\n\n\n<p>Member Name: Charles Rob Venator<br>Project Name; The Puerto Rico Citizen Archives Project<br>Link:&nbsp;<a rel=\"noreferrer noopener\" href=\"https:\/\/scholarscollaborative.org\/PuertoRico\/\" target=\"_blank\">https:\/\/scholarscollaborative.org\/PuertoRico\/<\/a><\/p>\n\n\n\n<p>The Puerto Rico Citizenship Archives Project is a public repository designed to document the legal history of the extension of U.S. citizenship to Puerto Rico<\/p>\n\n\n\n<figure class=\"wp-block-image\"><img decoding=\"async\" src=\"https:\/\/mail.google.com\/mail\/u\/0?ui=2&amp;ik=cb0694ee9b&amp;attid=0.0.2&amp;permmsgid=msg-f:1690233588721862344&amp;th=1774ea7e633346c8&amp;view=fimg&amp;sz=s0-l75-ft&amp;attbid=ANGjdJ_qwibN7J5DsNUjGyI7fZDNgPMih9ba-beNG9uDQoVBPuQvZCdVnZLuu7YTsJPXjXgvUpVlKmmjDcCOUphHuCVeUF60RUmZjVglIlm_PiYbz0MDK_hiwNkZTWw&amp;disp=emb&amp;realattid=1774ea49c7c5b16b22\" alt=\"\"\/><\/figure>\n\n\n\n<p>Member Name: Yanna Yannakakis<br>Project Title: Power of Attorney in Oaxaca, Mexico<br>Link:&nbsp;<a rel=\"noreferrer noopener\" href=\"https:\/\/www.powerofattorneynative.com\/\" target=\"_blank\">https:\/\/www.powerofattorneynative.com<\/a><\/p>\n\n\n\n<p> \u201cPower of Attorney,\u201d an on-going digital research project,&nbsp;constructs a geography of indigenous legal culture through digital maps and visualizations derived from notarial records known as \u201cletters of attorney\u201d (poderes).<\/p>\n\n\n\n<figure class=\"wp-block-image\"><img decoding=\"async\" src=\"https:\/\/mail.google.com\/mail\/u\/0?ui=2&amp;ik=cb0694ee9b&amp;attid=0.0.2&amp;permmsgid=msg-f:1690233588721862344&amp;th=1774ea7e633346c8&amp;view=fimg&amp;sz=s0-l75-ft&amp;attbid=ANGjdJ-TRJ94ovYByTP_o2qW2ica2AcdSvRjwbYGNFsvXHz2HcrdlQAvEVWP8Y9o6wlTSem5hIYtUXVR0GVCtp8HaIe3yG5bc16jzeXxNksDqs4jmlg0KS3C8Su9du0&amp;disp=emb&amp;realattid=1774ea49c7c5b16b22\" alt=\"\"\/><\/figure>\n\n\n\n<p><strong>For Further Reading<\/strong><br>Stephen Robinson and Lincoln Mullen, &#8220;Digital HIstory and Argument White Paper,&#8221; Roy Rosenzweig Center for History and New Media&nbsp;<a rel=\"noreferrer noopener\" href=\"https:\/\/urldefense.proofpoint.com\/v2\/url?u=https-3A__rrchnm.org_argument-2Dwhite-2Dpaper_&amp;d=DwMGaQ&amp;c=lhMMI368wojMYNABHh1gQQ&amp;r=mY_aLMqZK5TsOuO3puwjJw&amp;m=3PM6z2uRLcc3EQn_74JgDJuJK1W5f7nVPoIoXhrH2s8&amp;s=DRZJ6ir3aRWK-SmyTjrd0sLogSdYQTaUKDuUP0jfwM8&amp;e=\" target=\"_blank\">https:\/\/rrchnm.org\/argument-white-paper\/<\/a><\/p>\n\n\n\n<p>Lara Putnam, The Transnational and the Text-Searchable: Digitized Sources and the Shadows They Cast&nbsp;The American Historical Review, Volume 121, Issue 2, April 2016, Pages 377\u2013402<br><a href=\"https:\/\/academic.oup.com\/ahr\/article\/121\/2\/377\/2581842\">https:\/\/academic.oup.com\/ahr\/article\/121\/2\/377\/2581842<\/a><\/p>\n\n\n\n<p>AHA Statement on Guidelines for the Professional Evaluation of Digital Scholarship by Historians<br><a href=\"https:\/\/www.historians.org\/teaching-and-learning\/digital-history-resources\/evaluation-of-digital-scholarship-in-history\/guidelines-for-the-professional-evaluation-of-digital-scholarship-by-historians\">https:\/\/www.historians.org\/teaching-and-learning\/digital-history-resources\/evaluation-of-digital-scholarship-in-history\/guidelines-for-the-professional-evaluation-of-digital-scholarship-by-historians<\/a><\/p>\n","protected":false},"excerpt":{"rendered":"<p>Conference on Latin American History Digital Projects by Members CLAH is delighted to showcase member projects that are scholarly contributions and can serve as creative teaching resources. Of course, there exist a wealth of catalogs, digital libraries, news amalgamators, and repositories in addition to these kinds of projects. A wonderful example is the \u201cLatin American [&hellip;]<\/p>\n","protected":false},"author":2,"featured_media":0,"parent":0,"menu_order":7,"comment_status":"closed","ping_status":"closed","template":"","meta":{"footnotes":""},"class_list":["post-6550","page","type-page","status-publish","hentry"],"_links":{"self":[{"href":"https:\/\/clah.h-net.org\/index.php?rest_route=\/wp\/v2\/pages\/6550","targetHints":{"allow":["GET"]}}],"collection":[{"href":"https:\/\/clah.h-net.org\/index.php?rest_route=\/wp\/v2\/pages"}],"about":[{"href":"https:\/\/clah.h-net.org\/index.php?rest_route=\/wp\/v2\/types\/page"}],"author":[{"embeddable":true,"href":"https:\/\/clah.h-net.org\/index.php?rest_route=\/wp\/v2\/users\/2"}],"replies":[{"embeddable":true,"href":"https:\/\/clah.h-net.org\/index.php?rest_route=%2Fwp%2Fv2%2Fcomments&post=6550"}],"version-history":[{"count":3,"href":"https:\/\/clah.h-net.org\/index.php?rest_route=\/wp\/v2\/pages\/6550\/revisions"}],"predecessor-version":[{"id":9423,"href":"https:\/\/clah.h-net.org\/index.php?rest_route=\/wp\/v2\/pages\/6550\/revisions\/9423"}],"wp:attachment":[{"href":"https:\/\/clah.h-net.org\/index.php?rest_route=%2Fwp%2Fv2%2Fmedia&parent=6550"}],"curies":[{"name":"wp","href":"https:\/\/api.w.org\/{rel}","templated":true}]}}