{"id":573,"date":"2009-09-22T14:57:38","date_gmt":"2009-09-22T18:57:38","guid":{"rendered":"http:\/\/clah.h-net.org\/?page_id=573"},"modified":"2026-01-15T18:01:35","modified_gmt":"2026-01-15T22:01:35","slug":"regional-and-topical-committee-officers","status":"publish","type":"page","link":"https:\/\/clah.h-net.org\/?page_id=573","title":{"rendered":"Regional and Topical Section Officers"},"content":{"rendered":"<p><strong>Andean Studies<\/strong>\u00a0(Chair, Secretary)<br \/>\n2026 Silvia Escanilla Huerta, Gonzalo Romero Sommer<br \/>\n2025 Marlen Rosas, Silvia Escanilla Huerta<br \/>\n2024 Renzo Aroni, Marlen Rosas<br \/>\n2023 Javier Puente, Renzo Aroni<br \/>\n2022 Sarah Hines, Javier Puente<br \/>\n2021 Nicole Pacino, Sarah Hines<br \/>\n2020 Elena McGrath, Nicole Pacino<br \/>\n2019 Kathryn Santer, Elena McGrath<br \/>\n2018 Gabriela Ramos, Kathryn Santner<br \/>\n2017 Tamara Walker, Gabriela Ramos<br \/>\n2016 Marcella Echeverri, Tamara Walker<br \/>\n2015 Jeremy Mumford, Marcela Echeverri<br \/>\n2014 Heidi Scott, Jeremy Mumford<br \/>\n2013 Miguel LaSerna, Heidi Scott<br \/>\n2012 E. Gabrielle Kuenzli, Miguel LaSerna<br \/>\n2011 Adam Warren, E. Gabrielle Kuenzli<br \/>\n2010 Rachel O&#8217;Toole, Adam Warren<br \/>\n2009 Kimberly Gauderman, Rachel O&#8217;Toole<br \/>\n2008 Jane Mangan, Kimberly Gauderman<br \/>\n2007 Marc Becker, Jane Mangan<br \/>\n2006 Kris Lane, Marc Becker<br \/>\n(Co-Chairs up through 2005)<br \/>\n2004-2005 Carlos Aguirre, Carmen McEvoy<br \/>\n2003 Kathryn Burns, Sarah Chambers<br \/>\n2000-2002 Vincent Peloso, Nancy van Deusen<br \/>\n1997-1999 Clara Lopez-Beltran,David Parker<br \/>\n1995-1996 Ann Zulawski, Charles Walker<br \/>\n1993-1994 Thomas Abercrombie, Karen Powers<br \/>\n1992 Alfonso Quiroz and Paul Gootenberg<br \/>\n1989-1990 Michael Gonzales, Nils Jacobsen<br \/>\n1987-1988 Erwin P. Grieshaber, Susan Ramirez<br \/>\n1985-1986 Kenneth Andrien, Erick Langer<br \/>\n1983-1984 Larry Clayton, Steve Stern<br \/>\n1981-1982 Leon Campbell, Brooke Larson<br \/>\n1980 Fredrick Nunn, Brooke Larson<br \/>\n1979 Peter J. Bakewell, Lawrence A. Clayton<br \/>\n1978 Mark Burkholder, Lawrence A. Clayton<br \/>\n1977 William Sater, Mark Burkholder<br \/>\n1976 Jaime Rodr\u00edguez, Mark Burkholder<br \/>\n1975 Jacques Barbier, Paul Ganster<br \/>\n1974 John J. TePaske, Gertrude Matyoka<br \/>\n1972-1973 Ralph Lee Woodward, Leon G. Campbell<br \/>\n1971 Waren Dean, Margaret Todaro<br \/>\n1970 J. Preston Moore, Leon Campbell<\/p>\n<p><a href=\"https:\/\/clah.h-net.org\/?page_id=573\">go to top of page<\/a><\/p>\n<p><strong>Atlantic World<\/strong>\u00a0(Chair, Secretary)<br \/>\n2026 Farren Yero, Ana Mar\u00eda Silva Campo<br \/>\n2025 Ernesto Mercado-Montero, Farren Yero<br \/>\n2024 Emmanuel Lachaud, Ernesto Mercado-Montero<br \/>\n2023 Anne Eller, Emmanuel Lachuad<br \/>\n2022 Juan Jos\u00e9 Ponce V\u00e1zquez, Anne Eller<br \/>\n2021, Norah Gharala, Juan Jos\u00e9 Ponce Vazquez<br \/>\n2020 Erin Stone, Norah Gharala<br \/>\n2019 Jesse Cromwell, Erin Stone<br \/>\n2018 Fabricio Prado, Jesse Cromwell<br \/>\n2017 David Wheat, Fabricio Prado<br \/>\n2016 Jane Landers, David Wheat<\/p>\n<p><strong>Brazilian Studies<\/strong>\u00a0(Chair, Secretary)<br \/>\n2026 Courtney J. Campbell, Jos\u00e9 Juan P\u00e9rez Mel\u00e9ndez<br \/>\n2025 Jennifer Eaglin, Courtney J. Campbell<br \/>\n2024 Sarah Sarzynski, Jennifer Eaglin<br \/>\n2023 Benjamin A. Cowan, Sarah Sarzynski<br \/>\n2022 Yuko Miki, Benjamin A. Cowan<br \/>\n2021 Gillian McGillivray, Yuko Miki<br \/>\n2020 Heather F. Roller, Gillian McGillivray<br \/>\n2019 Okezi Otovo, Heather F. Roller<br \/>\n2018 M. Kittiya Lee, Okezi Otovo<br \/>\n2017 Celso Castilho, M. Kittiya Lee<br \/>\n2016 Ana Romo, Celso Castilho<br \/>\n2015 Mark Hertzman, Ana Romo<br \/>\n2014 Martha Santos, Mark Hertzman<br \/>\n2013 Seth Garfield, Martha Santos<br \/>\n2012 Brodwyn Fischer, Seth Garfield<br \/>\n2011 Barbara Sommer, Brodwyn Fischer<br \/>\n2010 Marshall Eakin, Barbara Sommer<br \/>\n2009 Judy Bieber, Marshall Eakin<br \/>\n2008 Todd Diacon, Judy Bieber<br \/>\n2007 Jerry D\u00e1vila, Todd Diacon<br \/>\n2005-2006 Peter Beattie, Jerry Davila<br \/>\n2004-2005 Hal Langfur, Peter Beattie<br \/>\n2002-2003 Mary Ann Mahony, Hal Langfur<br \/>\n2001 Hendrik Kraay, Mary Ann Mahony<br \/>\n1998-2000 Jeffrey Lesser, Hendrik Kraay<br \/>\n1996-1997 Joel Wolfe, Gail Triner<br \/>\n1995 Barbara Weinstein, Bert Barickman<br \/>\n1992-1994 Elizabeth Kuznesof, Bert Barickman<br \/>\n1989-1990 Steven Topik, Mariano Diaz-Miranda<br \/>\n1987-1988 Marshall C. Eakin, Jeffrey Needell<br \/>\n1985-1986 E. Bradford Burns, Catherine Lugar<br \/>\n1983-1984 June Hahner, Barbara Weinstein<br \/>\n1981-1982 Kenneth Maxwell, Mary Karasch<br \/>\n1979-1980 Frank McCann, Susan Soeiro<br \/>\n1977-1978 Stuart Schwartz, Robert White<br \/>\n1976 Ralph Della Cava, Robert Mattoon, Jr.<br \/>\n1975 John D. Wirth, Robert H. Mattoon<br \/>\n1974 Emilia Viotti da Costa, Francis Dutra<br \/>\n1973 Joseph Love, Francis Dutra<br \/>\n1972 Warren Dean, Leon G. Campbell<br \/>\n1971 Robert M. Levine, Margaret Todaro<br \/>\n1970 Richard Graham, Margaret Todaro<br \/>\n1969 Dauril Alden, Stuart Schwartz<br \/>\n1968 Thomas Skidmore, Robert Levine<br \/>\n1967 Stanley J. Stein, Robert Levine<br \/>\n1966 E. Bradford Burns, John D. Wirth<\/p>\n<p><a href=\"https:\/\/clah.h-net.org\/?page_id=573\"> go to top of page<\/a><\/p>\n<p><strong>Subcommittee on Colloquium on Brazilian History: 1967<\/strong><br \/>\nDauril Alden (Chair), Stewart Schwartz (Secretary), Lewis Hanke, Engel Sluiter, Stanley Stein (Ex-Oficio), Howard Cline (Ex-Oficio)<\/p>\n<p><a href=\"https:\/\/clah.h-net.org\/?page_id=573\">go to top of page<\/a><\/p>\n<p><strong>Caribbean Studies<\/strong>\u00a0(Chair, Secretary)<br \/>\n2026 Alexa Rodr\u00edguez, M\u00f3nica A. Jim\u00e9nez<br \/>\n2025 Joan Flores-Villalobos, Alexa Rodr\u00edguez<br \/>\n2024 Jorell Mel\u00e9ndez-Badillo, Joan Flores-Villalobos<br \/>\n2023 Takkara Brunson, Jorell Mel\u00e9ndez-Badillo<br \/>\n2022 Reena Goldthree, Takkara Brunson<br \/>\n2021 Kaysha Corinealdi, Reena Goldthree<br \/>\n2020 Devyn Spence Benson, Kaysha Corinealdi<br \/>\n2019 Quito Swan, Devyn Spence Benson<br \/>\n2018 Glenn Chambers, Quito Swan<br \/>\n2017 Nicole Maskiell, Glenn Chambers<br \/>\n2016 Kristen Block, Nicole Maskiell<br \/>\n2015 Heather Kopelson, Kristen Block<br \/>\n2014 Marisa Fuentes, Heather Kopelson<br \/>\n2013 Kennetta Hammond Perry,Marisa Fuentes<br \/>\n2012 Anne Macpherson, Kennetta Hammond-Perry<br \/>\n2011 Eric Duke, Anne Macpherson<br \/>\n2010 Juan C. Santamarina, Eric Duke<br \/>\n2009 Lara Putnam, Juan C. Santamarina<br \/>\n2008 Sarah Franklin, Lara Putnam<br \/>\n2007 Matt Childs, Sarah Franklin<br \/>\n2005-2006 Jorge Chinea, Matt Childs<br \/>\n2003-2004 Kirwin R. Shaffer, Jorge L. Chinea<br \/>\n2003 Felix Matos Rodriguez, Jorge L. Chinea<br \/>\n2001-2002 Felix Matos Rodriguez, Dennis Hidalgo<br \/>\n1998-2000 Luis Martinez-Fernandez, Lynne Guitar<br \/>\n1996-1997 Louis P\u00e9rez, Barbara Tenenbaum<\/p>\n<p><a href=\"https:\/\/clah.h-net.org\/?page_id=573\">go to top of page<\/a><\/p>\n<p><strong>Central American Studies<\/strong> (Chair, Secretary)<br \/>\n2026 Melanie Y. White, Sarah Foss<br \/>\n2025 Stephanie Huezo-Jefferson, Melanie Y. White<br \/>\n2024 Sylvia Sellers-Garc\u00eda, Stephanie Huezo-Jefferson<br \/>\n2023 Brianna Leavitt-Alc\u00e1ntara, Sylvia Sellers-Garc\u00eda<br \/>\n2022 Laura Matthew, Brianna Leavitt-Alc\u00e1ntara<br \/>\n2021 Jordana Dym, Laura Matthew<br \/>\n2020 David D\u00edaz Arias, Jordana Dym<br \/>\n2019 Kevin Coleman, David D\u00edaz Arias<br \/>\n2018 Heather Vrana, Kevin Coleman<br \/>\n2017 Julie Gibbings, Heather Vrana<br \/>\n2016 Alvis Dunn, Julie Gibbings<br \/>\n2015 Owen S. Jones, Alvis Dunn<br \/>\n2014 Heather Abdelnur, Owen S. Jones<br \/>\n2013 Richard Grossman, Heather Abdelnur<br \/>\n2012 Catherine Nolan-Ferrell, Richard Grossman<br \/>\n2011 Laura Matthew, Catherine Nolan-Ferrell<br \/>\n2010 Virginia Garrard-Burneet, Laura Matthew<br \/>\n2009 Jordana Dym, Virginia Garrard<br \/>\n2008 Robinson Herrera, Jordana Dym<br \/>\n2007 Michel Gobat, Robinson Herrera<br \/>\n2006 Richmond Brown, Michel Gobat<br \/>\n2005 Justin Wolfe, Richmond Brown<br \/>\n2004 Aldo Lauria-Santiago, Justin Wolfe<br \/>\n2003 Aldo Lauria-Santiago<br \/>\n2002 Julie Charlip, Aldo Lauria-Santiago<br \/>\n2001 Paul Dosal, Julie Charlip<br \/>\n2000 Paul Dosal<br \/>\n1999-1998 David J. McCreery, Paul Dosal<br \/>\n1996-1997 Ralph Lee Woodward, Jr., David J. McCreery<\/p>\n<p><a href=\"https:\/\/clah.h-net.org\/?page_id=573\">go to top of page<\/a><\/p>\n<p><strong>Caribe-Centro America Studies<\/strong>\u00a0(Chair, Secretary)<br \/>\nDivided into two committees in 1996<br \/>\n1994-1995 John Bell, Thomas Schoonover<br \/>\n1993 Frank Moya Pons, Thomas Schoonover<br \/>\n1992 Thomas Schoonover, Rafael Moya Pons<br \/>\n1989-1990 Charles D. Ameringer, Wayne Clegern<br \/>\n1987-1988 Louis A. Perez Jr., Charles D. Ameringer<br \/>\n1985-1986 Kenneth J. Grieb, Louis A. Perez, Jr.<br \/>\n1983-1984 Louis A. Perez, Jr., Kenneth Grieb<br \/>\n1981-1982 Louis A. Perez, Jr., Michael Malek<br \/>\n1979-1980 Kenneth J. Grieb, Michael Malek<br \/>\n1976-1978 Richard Millett, R. Michael Malek<br \/>\n1973-1975 Delmar Ross, R. Michael Malek<br \/>\n1972 Harmannus Hoetink, Michael Malek<br \/>\n1971 David L. Burks, R. Michael Malek<\/p>\n<p><a href=\"https:\/\/clah.h-net.org\/?page_id=573\">go to top of page<\/a><br \/>\n<strong><br \/>\nSouthern Cone Studies<\/strong>\u00a0(Chair, Secretary)<br \/>\nRenamed from Chile-R\u00edo de la Plata Studies in 2025<br \/>\n2026 Andra B. Chastain, Jeffrey Erbig<br \/>\n2025 Alison Bruey, Andra B. Chastain<br \/>\n2024 Romina Akemi Green, Alison Bruey<br \/>\n2023 Denisa Jashari, Romina Akemi Green<br \/>\n2022 Debbie Sharnak, Denisa Jashari<br \/>\n2021 Mar\u00eda de los Angeles Picone, Debbie Sharnak<br \/>\n2020 Marian Schlotterbeck, Mar\u00eda de los Angeles Picone<br \/>\n2019 Julia Sarreal, Marian Schlotterbeck<br \/>\n2018 Jennifer Adair, Julia Sarreal<br \/>\n2017 Erika Edwards, Jennifer Adair<br \/>\n2016 Edward Murphy, Erika Edwards<br \/>\n2015 Michael Huner, Edward Murphy<br \/>\n2014 Camilo Trumper, Michael Huner<br \/>\n2013 Rebekah Pite, Camilo Trumper<br \/>\n2012 Angela Vergara, Rebekah Pite<br \/>\n2011 Bridget Chesterton, Angela Vergara<br \/>\n2010 Adriana Brodsky, Bridget Chesterton<br \/>\n2009 Jody Pavilak, Adriana Brodsky<br \/>\n2008 Oscar Chamosa, Jody Pavilak<br \/>\n2007 James Cane Carrasco, Oscar Chamosa<br \/>\n2006 Patrick Barr-Melej, James Cane Carrasco<br \/>\n2005 Mark Healey, Patrick Barr-Melej<br \/>\n2004 Mark Allan Healey<br \/>\n2003 Lessie Jo Frazier<br \/>\n2001-2003 Kristine Jones, Lessie Jo Frazier<br \/>\n2000 Margaret Power, Kristine Jones<br \/>\n1999 Barbara Ganson, Margaret Power<br \/>\n1998 Anton Rosenthal, Barbara Ganson<br \/>\n1997 Thomas Whigham, Anton Rosenthal<br \/>\n1996 Joan Supplee, Thomas Whigham<br \/>\n1995 Joel Horowitz, Joan Supplee<br \/>\n1993-1994 Samuel Amaral, Jeremy Adelman<br \/>\n1992 Lyman Johnson, Samuel Amaral<br \/>\n1989-1990 Richard W. Slatta, Kristen Ruggiero<br \/>\n1987-1988 Tom O\u2019Brien, Robert Oppenheimer<br \/>\n1985-1986 Mark D. Szuchman, Richard W. Slatta<br \/>\n1983-1984 Lyman Johnson, Thomas O\u2019Brien, Jr.<br \/>\n1981-1982 Allen Woll, Lyman Johnson<br \/>\n1980 Susan Socolow, Allen Woll<br \/>\n1979 Thomas Wright, Susan Socolow<br \/>\n1978 Samuel L. Bailey, Susan Socolow<br \/>\n1977 Richard Walter, Mark Szuchman<br \/>\n1976 Joseph Criscenti, Carl Solberg<br \/>\n1975 Roger Haigh, Carl Solberg<br \/>\n1974 James Scobie<br \/>\n(Organizing-Nominating Committee) Donna Guy, Frederick Pike, Eugene Sofer, Richard Walter<\/p>\n<p><a href=\"https:\/\/clah.h-net.org\/?page_id=573\">go to top of page<\/a><\/p>\n<p><strong>Gran Colombian Studies<\/strong>\u00a0(Chair, Secretary)<br \/>\n2026 Santiago Mu\u00f1oz Arbel\u00e1ez, Laura Correa Ochoa<br \/>\n2025 Yesenia Barrag\u00e1n, Santiago Mu\u00f1oz Arbel\u00e1ez<br \/>\n2024 Constanza Castro, Yesenia Barrag\u00e1n<br \/>\n2023 Mar\u00eda Jos\u00e9 Afanador-Llach, Constanza Castro<br \/>\n2022 Ana Mar\u00eda Otero, Mar\u00eda Jos\u00e9 Afanador-Llach<br \/>\n2021 Shawn Van Ausdal, Ana Mar\u00eda Otero<br \/>\n2020 Stefan Pohl, Shawn Van Ausdal<br \/>\n2019 Pablo F. Gomez, Stefan Pohl<br \/>\n2018 Catalina Mu\u00f1oz, Pablo F. G\u00f3mez<br \/>\n2017 Sharika Crawford, Catalina Mu\u00f1oz<br \/>\n2016 Lina Britto, Sharika Crawford<br \/>\n2015 Ernesto Bassi, Lina Britto<br \/>\n2014 Rob Karl, Ernesto Bassi<br \/>\n2013 Abel Ricardo Lopez, Rob Karl<br \/>\n2012 Joshua Rosenthal, Abel Ricardo Lopez<br \/>\n2011 Marcela Echeverri, Joshua Rosenthal<br \/>\n2010 Hayley Froysland, Marcela Echeverri<br \/>\n2009 Lina del Castillo, Hayley Froysland<br \/>\n2008 Nicola Foote, Lina del Castillo<br \/>\n2007 Derek Williams, Nicola Foote<br \/>\n2006 Brett Troyan, Derek Williams<br \/>\n2004-2005 Nancy Appelbaum, Brett Troyan<br \/>\n2003 Doug Yarrington, Nancy Appelbaum<br \/>\n1999-2002 David Sowell, Doug Yarrington<br \/>\n1996-1998 H. Michael Tarver, James D. Henderson<br \/>\n1995 Richard Stoller, Eduardo Saenz-Rovner<br \/>\n1992-1994 David Sowell, Mary Floyd<br \/>\n1989-1990 Robert Ferry, Ann Twinam<br \/>\n1987-1988 Robert Ferry, Ann Twinam<br \/>\n1985-1986 Charles Bergquist<br \/>\n1983-1984 Judith Ewell, Charles Bergquest<br \/>\n1982 Judith Ewell<br \/>\n1981 Stephanie Blank, Judith Ewell<br \/>\n1980 Stephanie Blank, Robert Davis<br \/>\n1979 Joseph L. Arbena, Michael Hamerly (Vice Chair), Robert Davis<br \/>\n1978 J. Le\u00f3n Helguera, Joseph L. Arbena (Vice Chair), Robert Davis<br \/>\n1977 Jane Loy, J. Le\u00f3n Helguera (Vice Chair), Robert Davis<br \/>\n1976 Robert Gilmore, Jane Loy (Vice Chair), Robert Davis<br \/>\n1975 Helen Delpar, Robert Gilmore (Vice Chair), J. Le\u00f3n Heiguera<br \/>\n1974 Frank Safford, Helen Delpar (Vice Chair), J. Le\u00f3n Heiguera<br \/>\n1973 John Lombardi, J. Le\u00f3n Helguera,<br \/>\n1972 David Bushnell, John Lombardi (Vice Chair), J. Le\u00f3n Helguera<br \/>\n1971 David Bushnell, John Lockhardt<br \/>\n1970 Charles Griffin, J. Le\u00f3n Helguera<\/p>\n<p><a href=\"https:\/\/clah.h-net.org\/?page_id=573\">go to top of page<\/a><\/p>\n<p><strong>Mexican Studies<\/strong>\u00a0(Chair, Secretary)<br \/>\n2026 Carolina Ortega, Luis Herr\u00e1n-\u00c1vila<br \/>\n2025 Jorge Ramirez-Lopez, Carolina Ortega<br \/>\n2024 X\u00f3chitl M. Flores-Marcial, Jorge Ramirez-Lopez<br \/>\n2023 M\u00f3nica D\u00edaz, X\u00f3chitl M. Flores-Marcial<br \/>\n2022 M\u00f3nica D\u00edaz, Edward Wright-R\u00edos<br \/>\n2021 Gladys McCormick, M\u00f3nica D\u00edaz<br \/>\n2020 Pablo M. Sierra Silva, Gladys McCormick<br \/>\n2019 Peter Villella, Pablo M. Sierra Silva<br \/>\n2018 Dana Velasco Murillo, Peter Villella<br \/>\n2017 Mark Lentz, Dana Velasco Murillo<br \/>\n2016 Michel R. Oudijk, Mark Lentz<br \/>\n2015 John Chuchiak, Michel R. Oudijk<br \/>\n2014 David Tav\u00e1rez, John Chuchiak<br \/>\n2013 Matt O\u2019Hara, David Tav\u00e1rez<br \/>\n2012 Tanal\u00eds Padilla, Matt O&#8217;Hara<br \/>\n2011 Rick Lopez, Tanal\u00eds Padilla<br \/>\n2010 Jocelyn Olcott, Rick Lopez<br \/>\n2009 Susie Porter, Jocelyn Olcott<br \/>\n2008 Chris Boyer, Susie Porter<br \/>\n2007 Eric Zolov, Chris Boyer<br \/>\n2006 Ben Vinson III, Eric Zolov<br \/>\n2004-2005 Ben Vinson III<br \/>\n2003 Sonya Lipsett-Rivera, Ben Vinson III<br \/>\n2002 Peter Guardino, Sonya Lipsett-Rivera<br \/>\n2001 Kevin Gosner, Peter Guardino<br \/>\n2000 Linda Hall, Kevin M. Gosner<br \/>\n1999 Richard Boyer, Linda Hall<br \/>\n1996-1998 Susan Deans-Smith, Richard Boyer<br \/>\n1994-1995 Susan Deeds, Margaret Chowning<br \/>\n1993 Linda Hall, Margaret Chowning<br \/>\n1992 Richard Salvucci, Margaret Chowning<br \/>\n1989-1990 Barbara Tenenbaum, Donald F. Stevens<br \/>\n1987-1988 Eric Van Young, Susan M. Deeds<br \/>\n1985-1986 Silvia Arrom<br \/>\n1983-1984 Peter Bakewell, Asunci\u00f3n Lavrin<br \/>\n1981-1982 Christon Archer, Paul Vanderwood<br \/>\n1979-1980 Jaime Rodriguez, William Sherman<br \/>\n1977-1978 William Beezley, Doris Ladd<br \/>\n1976 Peggy Liss, Doris Ladd<br \/>\n1975 Marvin Bernstein, Noel Stowe<br \/>\n1974 Eleanor Adams, Noel Stowe<br \/>\n1973 James Wilkie, Anthony Bryan<br \/>\n1972 Richard Greenleaf, Anthony Bryan, Romeo C. Flores (Mexican Liaison)<br \/>\n1971 Charles A. Hale, Peggy K. Korn, Romeo C. Flores (Mexican Liaison)<br \/>\n1970 Michael Meyer, Peggy K. Korn, Romeo C. Flores (Mexican Liaison)<br \/>\n1969 Hugh M. Hamill, Peggy Korn<\/p>\n<p><a href=\"https:\/\/clah.h-net.org\/?page_id=573\">go to top of page<\/a><\/p>\n<p><strong>Colonial Studies <\/strong>(Chair, Secretary)<br \/>\n2026 Joseph M. H. Clark, Hannah R. Abrahamson<br \/>\n2025, \u00c1ngela P\u00e9rez-Villa, Joseph M. H. Clark<br \/>\n2024 Guadalupe Garc\u00eda, \u00c1ngela P\u00e9rez-Villa<br \/>\n2023 M\u00f3nica Ricketts, Guadalupe Garc\u00eda<br \/>\n2022 Mariana Dantas, M\u00f3nica Ricketts<br \/>\n2021 Adriana Chira, Mariana Dantas<br \/>\n2020 Alcira Duenas, Adriana Chira<br \/>\n2019 Alex Hidalgo, Alcira Duenas<br \/>\n2018 Ryan Amir Kashanipour, Alex Hidalgo<br \/>\n2017 Jos\u00e9 Carlos de la Puente, Ryan Amir Kashanipour<br \/>\n2016 Jos\u00e9 Carlos de la Puente, Ryan Amir Kashanipour<br \/>\n2015 Cristina Soriano, Jos\u00e9 Carlos de la Puente<br \/>\n2014 Alejandro Ca\u00f1eque, Cristina Soriano<br \/>\n2013 Yanna Yannakakis, Alejandro Ca\u00f1eque<br \/>\n2012 Jane Mangan, Yanna Yannakasis<br \/>\n2011 Michael Francis, Jane Mangan<br \/>\n2010 Karen Graubart, Michael Francis<br \/>\n2009 Jovita Baber, Karen Graubart<br \/>\n2008 Catherine Komisaruk, Jovita Baber<br \/>\n2007 Rachel O\u2019Toole, Catherine Komisaruk<br \/>\n2006 Joan Bristol, Rachel O\u2019Toole<br \/>\n2005 Bianca Premo, Joan Bristol<br \/>\n2003-2004 Martha Few<br \/>\n2002-2003 David Weiland, Martha Few<br \/>\n2000-2001 Suzanne Austin Alchon<br \/>\n1997-1999 Lance Grahn<br \/>\n1996 Fritz Schwaller, Lance Grahn<br \/>\n1993-1995 Ann Wightman, Fritz Schwaller<br \/>\n1992 Ann M. Wightman<br \/>\n1989-1990 John J. TePaske, Kendall W. Brown<br \/>\n1987-1988 Asunci\u00f3n Lavrin, John J. TePaske<br \/>\n1985-1986 Lyman Johnson, Asunci\u00f3n Lavrin<\/p>\n<p><a href=\"https:\/\/clah.h-net.org\/?page_id=573\">go to top of page<\/a><\/p>\n<p><strong>Borderlands\/Frontiers<\/strong>\u00a0(Chair, Secretary)<br \/>\n2026 Ximena Sevilla, Sarah Sarzynski<br \/>\n2025 Mar\u00eda de los \u00c1ngeles Picone, Ximena Sevilla<br \/>\n2024 Erick Langer, Mar\u00eda de los \u00c1ngeles Picone<br \/>\n2023 Nick Villanueva, Erick Langer<br \/>\n2022 Jessica Ordaz, Nick Villanueva<br \/>\n2021 Natalie Mendoza, Jessica Ordaz<br \/>\n2020 Natalie Mendoza<br \/>\n2019 Raul Ramos<br \/>\n2018 Sonia Hernandez, Ra\u00fal Ramos<br \/>\n2017 Sam Truett, Sonia Hernandez<br \/>\n2016 Grace Delgado, Sam Truett<br \/>\n2015 Elliot Young, Grace Delgado<br \/>\n2014 Robin Derby, Elliott Young<br \/>\n2013 Eric Schantz, Robin Derby<br \/>\n2012 Brian DeLay, Eric Schantz<br \/>\n2011 Mario Alberto Magana Mancillas, Brian DeLay<br \/>\n2010 Steven Hackel, Mario Alberto Magana<br \/>\n2009 Jos\u00e9 Ref\u00fagio de la Torre, Steven Hackel<br \/>\n2008 Kristine Huffine, Jos\u00e9 Ref\u00fagio de la Torre<br \/>\n2007 Barbara Ganson, Kristin Huffine<br \/>\n2006 Andr\u00e9s Res\u00e9ndez, Barbara Ganson<br \/>\n2005 Leslie Offutt, Andr\u00e9s Res\u00e9ndez<br \/>\n2003-2004 James Saeger<br \/>\n2001-2003 Susan Deeds, James Saeger<br \/>\n1999-2000 Cynthia Radding, Susan Deeds<br \/>\n1997-1998 Amy Bushnell<br \/>\n1995-1996 David Weber<\/p>\n<p><a href=\"https:\/\/clah.h-net.org\/?page_id=573\">go to top of page<\/a><\/p>\n<p><strong>Teaching and Teaching Materials <\/strong>(Chair, Secretary)<br \/>\n2026 Hannah Greenwald, Ivonne Wallace Fuentes<br \/>\n2025 Rebekah Pite, Hannah Greenwald<br \/>\n2024 Pilar Maria Herr, Rebekah Pite<br \/>\n2023 Mar\u00eda de los \u00c1ngeles Picone, Pilar Maria Herr<br \/>\n2022 Carlos Dimas, Mar\u00eda de los \u00c1ngeles Picone<br \/>\n2021 Casey Lurtz, Carlos Dimas<br \/>\n2020 Corinna Zeltsman, Casey Lurtz<br \/>\n2019 Jethro Hern\u00e1ndez Berrones, Corinna Zeltsman<br \/>\n2018 Amanda L\u00f3pez, Jethro Hern\u00e1ndez Berrones<br \/>\n2017 Elena Albarran, Amanda Lopez<br \/>\n2016 Amelia Kiddle, Elena Albarran<br \/>\n2015 Anna Alexander, Amelia Kiddle<br \/>\n2014 Jessica Stites-Mor, Anna Alexander<br \/>\n2013 Brenda Elsey, Jessica Stites-Mor<br \/>\n2012 Chad Black, Brenda Elsey<br \/>\n2011 Elizabeth Hutchinson, Chad Black<br \/>\n2010 Mark Becker, Elizabeth Hutchinson<br \/>\n2009 Kirk Shaffer, Marc Becker<br \/>\n2008 Erin O&#8217;Connor, Kirk Shaffer<br \/>\n2007 Marc Becker, Erin O&#8217;Connor<br \/>\n2005-2006 Marc Becker<br \/>\n2002-2004 Keith Haynes<br \/>\n1998-2000 Avi Chomsky<br \/>\n1993-1997 Teresa Meade<br \/>\n1992 Linda K. Salvucci, Teresa Meade (co-chairs)<br \/>\n1987-1991 Linda K. Salvucci<br \/>\n1984-1986 Jane Rausch<br \/>\n1978-1983 William F. Sater<br \/>\n1975-1977 Eduardo Hernandez, Mary Karasch<br \/>\n1974 E. Bradford Burns<\/p>\n","protected":false},"excerpt":{"rendered":"<p>Andean Studies\u00a0(Chair, Secretary) 2026 Silvia Escanilla Huerta, Gonzalo Romero Sommer 2025 Marlen Rosas, Silvia Escanilla Huerta 2024 Renzo Aroni, Marlen Rosas 2023 Javier Puente, Renzo Aroni 2022 Sarah Hines, Javier Puente 2021 Nicole Pacino, Sarah Hines 2020 Elena McGrath, Nicole Pacino 2019 Kathryn Santer, Elena McGrath 2018 Gabriela Ramos, Kathryn Santner 2017 Tamara Walker, Gabriela [&hellip;]<\/p>\n","protected":false},"author":1,"featured_media":0,"parent":2,"menu_order":4,"comment_status":"open","ping_status":"open","template":"","meta":{"footnotes":""},"class_list":["post-573","page","type-page","status-publish","hentry"],"_links":{"self":[{"href":"https:\/\/clah.h-net.org\/index.php?rest_route=\/wp\/v2\/pages\/573","targetHints":{"allow":["GET"]}}],"collection":[{"href":"https:\/\/clah.h-net.org\/index.php?rest_route=\/wp\/v2\/pages"}],"about":[{"href":"https:\/\/clah.h-net.org\/index.php?rest_route=\/wp\/v2\/types\/page"}],"author":[{"embeddable":true,"href":"https:\/\/clah.h-net.org\/index.php?rest_route=\/wp\/v2\/users\/1"}],"replies":[{"embeddable":true,"href":"https:\/\/clah.h-net.org\/index.php?rest_route=%2Fwp%2Fv2%2Fcomments&post=573"}],"version-history":[{"count":25,"href":"https:\/\/clah.h-net.org\/index.php?rest_route=\/wp\/v2\/pages\/573\/revisions"}],"predecessor-version":[{"id":9585,"href":"https:\/\/clah.h-net.org\/index.php?rest_route=\/wp\/v2\/pages\/573\/revisions\/9585"}],"up":[{"embeddable":true,"href":"https:\/\/clah.h-net.org\/index.php?rest_route=\/wp\/v2\/pages\/2"}],"wp:attachment":[{"href":"https:\/\/clah.h-net.org\/index.php?rest_route=%2Fwp%2Fv2%2Fmedia&parent=573"}],"curies":[{"name":"wp","href":"https:\/\/api.w.org\/{rel}","templated":true}]}}