{"id":560,"date":"2009-09-22T14:14:39","date_gmt":"2009-09-22T18:14:39","guid":{"rendered":"http:\/\/clah.h-net.org\/?page_id=560"},"modified":"2026-01-15T17:57:53","modified_gmt":"2026-01-15T21:57:53","slug":"general-committee-members","status":"publish","type":"page","link":"https:\/\/clah.h-net.org\/?page_id=560","title":{"rendered":"General Committee Members (Council Members beginning in 2020)"},"content":{"rendered":"<p><strong>HAHR Editors<br \/>\n<\/strong>2023-2028 Lauren H. Derby, Katherine M. Marino, Elizabeth O&#8217;Brien, Fernando P\u00e9rez-Montesinos, William R. Summerhill, Kevin Terraciano<br \/>\n2017-2022 Martha Few, Matthew Restall, Amara Solari, Zachary Morgan<br \/>\n2012-2017 John French, Jocelyn Olcott, Peter Sigal<br \/>\n2008-2012 George Reid Andrews, Alejandro de la Fuente, Lara Putnam<br \/>\n2002-2007 Mary Kay Vaughan, Barbara Weinstein<br \/>\n1998-2001 Gilbert M. Joseph, Stuart B. Schwartz<br \/>\n1992-1997 Mark Szuchman<br \/>\n1986-1991 David Bushnell<br \/>\n1981-1985 John J. Johnson<br \/>\n1976-1980 Michael C. Meyer<br \/>\n1971-1975 Stanley R. Ross<br \/>\n1966-1970 Robert E. Quirk<br \/>\n1960-1965 Donald E. Worcester<br \/>\n1954-1959 Lewis Hanke<br \/>\n1950-1953 Charles C. Griffin<br \/>\n1945-1949 James Ferguson King<br \/>\n1941-1944 John Tate Lanning<\/p>\n<p><a href=\"https:\/\/clah.h-net.org\/?page_id=560\">top of page<\/a><\/p>\n<p><strong><em>The Americas<\/em> Editors<br \/>\n<\/strong>2025-Present Ivonne Wallace Fuentes<br \/>\n2019-2025 John F. Schwaller<br \/>\n2013-2018 Ben Vinson III<br \/>\n2008-2013 Eric Zolov<br \/>\n2003-2007 Donald Stevens<br \/>\n1998-2002 Judith Ewell<br \/>\n1995-1997 Vincent Peloso<\/p>\n<p><a href=\"https:\/\/clah.h-net.org\/?page_id=560\">top of page<\/a><\/p>\n<p><strong>H-LATAM Moderators<br \/>\n<\/strong>2025-Present Marc Becker and John F. Schwaller<br \/>\n2019-2025 Marc Becker<br \/>\n2015-2019 John F. Schwaller<br \/>\n2008-2013 Michael Innis\u2010Jim\u00e9nez, Dennis Hidalgo, John F. Schwaller<br \/>\n2005-2007 Jaime Aguila, Marc Becker, Peter Blanchard, Dennis Hidalgo, Michael Innis\u2010Jim\u00e9nez, John F. Schwaller, Ericka Verba<br \/>\n2002-2004 Michael Innis\u2010Jim\u00e9nez, Dennis Hidalgo, John Schwaller<br \/>\n1996-1997 Sandra K. Mathews<br \/>\n1993-2001 Jacquelyn Kent<br \/>\n1993-1996 Phil Mueller<\/p>\n<p><a href=\"https:\/\/clah.h-net.org\/?page_id=560\">top of page<\/a><\/p>\n<p><strong>Elected Members<br \/>\n<\/strong>2026-2027 Yuko Miki, V\u00edctor M. Mac\u00edas-Gonz\u00e1lez, Jennifer L. Schaefer<br \/>\n2025-2026 Adriana Chira, Ernesto Capello, Haley Schroer<br \/>\n2024-2025 Mary Hicks, Diana Monta\u00f1o, Daniela Samur<br \/>\n2023-2024 Fabricio Prado, Marissa Nichols, Luisa Fernanda Arrieta<br \/>\n2022-2023 Luisa Fernanda Arrieta, Brandon Byrd, Orlando Deavila Pertuz<br \/>\n2021-2022 Maria Almeida Barreiros Reis, Danielle Terrazas Williams, Tamara Walker<br \/>\n2020-2021 Eileen Findlay, David Carey<br \/>\n2019-2020 Gabriela Ramos, Celso Castilho<br \/>\n2018-2019 Sarah Cline, Tatiana Seijas<br \/>\n2017-2018 Lillian Guerra, Matthew O&#8217;Hara<br \/>\n2016-2017 Peter Guardino, Barbara Weinstein<br \/>\n2014-2015 Karen Graubart, Tom Rogers<br \/>\n2013-2014 Nancy Appelbaum, Aldo Lauria-Santiago<br \/>\n2012-2013 Jane Mangan, Ben Vinson III<br \/>\n2011-2012 Sarah Chambers, Bianca Premo<br \/>\n2009-2010 Georgette Dorn, Erick Langer<br \/>\n2007-2008 Ada Ferrer, Hendrick Kraay<br \/>\n2006-2007 Peter Beattie, Karen Racine<br \/>\n2005-2006 Kris Lane, Teresa Meade<br \/>\n2004-2005 Susan Deans-Smith, Charles Walker<br \/>\n2003-2004 Jeffrey Lesser, Nancy van Deusen<br \/>\n2002-2003 Suzanne Alchon, Sarah Chambers<br \/>\n2001-2002 Sonya Lipsett-Rivera, Allan Kuethe<br \/>\n2000-2001 Ann Wightman, Cheryl Martin<br \/>\n1999-2000 Paul Drake, Cynthia Radding<br \/>\n1998-1999 Richard Salvucci, Stuart Schwartz<br \/>\n1997-1998 Barry Carr, Sarah Cline<br \/>\n1996-1997 Linda B. Hall, Judith Ewell<br \/>\n1995-1996 Ida Altman, Alida Metcalf<br \/>\n1994-1995 Lowell Gudmundson, Elizabeth A. Kuznesof<br \/>\n1993-1994 Ann Twinam, Thomas Holloway<br \/>\n1992-1994 Georgette Dorn, Linda Hall<br \/>\n1991-1993 Donna Guy, June Hahner<br \/>\n1990-1992 William Beezley, Susan Deeds<br \/>\n1989-1990 John Mason Hart, Christon I. Archer<br \/>\n1988-1989 Susan Ramirez, Catherine LeGrand<br \/>\n1987-1988 Cheryl Martin, David Weber<br \/>\n1986-1987 Paul Drake, Charles Bergquist<br \/>\n1985-1986 Judith Ewell, Barbara Tenenbaum<br \/>\n1984-1985 Margaret Crahan, Warren Dean<br \/>\n1983-1984 William Taylor, John Womack<br \/>\n1982-1983 Mark Burkholder, Karen Spalding<br \/>\n1981-1982 Joseph Love, Anna Macias<br \/>\n1980-1981 Robert Potash, Susan Socolow<br \/>\n1979-1980 Jane Loy, Stuart Schwartz<br \/>\n1978-1979 Peggy K. Liss, William Sherman<br \/>\n1977-1978 Robert Padden, Nicol\u00e1s S\u00e1nchez-Albornoz<br \/>\n1976-1977 Ruth Pike, James Wilkie<br \/>\n1975-1976 Marvin Bernstein, Murdo MacLeod<br \/>\n1974-1975 Asunci\u00f3n Lavrin, Ralph Lee Woodward<br \/>\n1973-1974 Bradford Burns, James Lockhart<br \/>\n1972-1973 John Fagg, Michael Meyer<br \/>\n1971-1972 Nancy Farris, Richard Graham<br \/>\n1970-1971 Benjamin Keen, Charles Hale<br \/>\n1969-1970 Hugh Hamill, E. Bradford Burns<br \/>\n1968-1969 Dauril Alden, Fredrick B. Pike<br \/>\n1967-1968 James Scobie, Milton Vanger<br \/>\n1966-1967 Rollie Poppino, John J. TePaske<br \/>\n1965-1966 Thomas F. McGann, Richard M. Morse<br \/>\n1964-1965 Mathias F. Kiermen, Ione S. Wright<br \/>\n1963-1964 Joseph Criscenti, Lyle N. McAlister<br \/>\n1962-1963 John L. Phelan, Mario Rod\u00edguez<br \/>\n1961-1962 Charles W. Arnade, Thomas F. McGann<br \/>\n1960-1961 Edwin Lieuwen, Stanley R. Ross<br \/>\n1959-1960 Robert N. Burr, William J. Griffith<br \/>\n1958-1959 Charles Gibson, Alfred B. Thomas<br \/>\n1957-1958 Jane Luca de Grummond, Gerhard Masur<br \/>\n1956-1957 Miron Burgin, E. Taylor Parks<br \/>\n1955-1956 Ruth L. Butler, Harold E. Davis<br \/>\n1954-1955 Charles Gibson, Roderick Wheeler<br \/>\n1953-1954 Harry Bernstein, Engel Sluiter<br \/>\n1952-1953 Roland D. Hussey, Watt Stewart<br \/>\n1951-1952 Manoel Cardozo, Walter V. Scholes<br \/>\n1950-1951 Bailey W. Diffie, Lawrence F. Hill<br \/>\n1949-1950 John Rydjord, A. Curtis Wilgus<br \/>\n1949 Ruth Butler, George P. Hammond, Alexander Marchant<br \/>\n1948 John F. Bannon, Alexander Marchant, Arthur P. Whitaker<br \/>\n1947 Charles C. Cumberland, Lawrence Kinnaird<br \/>\n1946 Alan K. Manchester, Madaline Nichols<br \/>\n1945 Dana G. Munro, J. Fred Rippy<br \/>\n1944 Alan K. Manchester, Madaline Nichols<br \/>\n1943 No new members elected<br \/>\n1942-1943 Lewis Hanke, W. Eugene Shils<br \/>\n1941 J.M. Espinosa, Fritz Hoffman<br \/>\n1940 Bailey W. Diffie, Frank Tannenbaum<br \/>\n1939 Arthur P. Whitaker, A. Curtis Wilgus<br \/>\n1938 Jerome V. Jacobsen, S.J, J. Lloyd Mecham<br \/>\n1937 Lewis Hanke, Mary W. Williams<br \/>\n1936 Clarence Haring, E. Taylor Parks<br \/>\n1935 W. H. Callcott, Laura Ullrick<br \/>\n1934 Vera Lee Brown, A. Curtis Wilgus<br \/>\n1930 William R. Shepherd, Herbert I. Priestly<br \/>\n1929 William Spence Robertson, James Alexander Robertson<\/p>\n<p><a href=\"https:\/\/clah.h-net.org\/?page_id=560\">top of page<\/a><\/p>\n<p><strong>Regional Committee Representatives to General Committee<br \/>\n<\/strong>1987-1988 Louis A. P\u00e9rez, Jr.<br \/>\n1985-1986 Lyman Johnson<br \/>\n1984 Judith Ewell<br \/>\n1981-1983 Louis A. P\u00e9rez, Jr.<br \/>\n1979-1980 Thomas Wright<br \/>\n1971-1978 William Beezley<br \/>\n1975-1976 John D. Wirth<\/p>\n<p><a href=\"https:\/\/clah.h-net.org\/?page_id=560\">top of page<\/a><\/p>\n<p><strong>Representatives to HAHR Board of Editors<br \/>\n<\/strong>1991-1995 Dawn Keremitsis<br \/>\n1985-1990 Thomas M. Davies, Jr.<br \/>\n1980-1985 Michael Riley<\/p>\n","protected":false},"excerpt":{"rendered":"<p>HAHR Editors 2023-2028 Lauren H. Derby, Katherine M. Marino, Elizabeth O&#8217;Brien, Fernando P\u00e9rez-Montesinos, William R. Summerhill, Kevin Terraciano 2017-2022 Martha Few, Matthew Restall, Amara Solari, Zachary Morgan 2012-2017 John French, Jocelyn Olcott, Peter Sigal 2008-2012 George Reid Andrews, Alejandro de la Fuente, Lara Putnam 2002-2007 Mary Kay Vaughan, Barbara Weinstein 1998-2001 Gilbert M. Joseph, Stuart [&hellip;]<\/p>\n","protected":false},"author":1,"featured_media":0,"parent":2,"menu_order":2,"comment_status":"open","ping_status":"open","template":"","meta":{"footnotes":""},"class_list":["post-560","page","type-page","status-publish","hentry"],"_links":{"self":[{"href":"https:\/\/clah.h-net.org\/index.php?rest_route=\/wp\/v2\/pages\/560","targetHints":{"allow":["GET"]}}],"collection":[{"href":"https:\/\/clah.h-net.org\/index.php?rest_route=\/wp\/v2\/pages"}],"about":[{"href":"https:\/\/clah.h-net.org\/index.php?rest_route=\/wp\/v2\/types\/page"}],"author":[{"embeddable":true,"href":"https:\/\/clah.h-net.org\/index.php?rest_route=\/wp\/v2\/users\/1"}],"replies":[{"embeddable":true,"href":"https:\/\/clah.h-net.org\/index.php?rest_route=%2Fwp%2Fv2%2Fcomments&post=560"}],"version-history":[{"count":25,"href":"https:\/\/clah.h-net.org\/index.php?rest_route=\/wp\/v2\/pages\/560\/revisions"}],"predecessor-version":[{"id":9583,"href":"https:\/\/clah.h-net.org\/index.php?rest_route=\/wp\/v2\/pages\/560\/revisions\/9583"}],"up":[{"embeddable":true,"href":"https:\/\/clah.h-net.org\/index.php?rest_route=\/wp\/v2\/pages\/2"}],"wp:attachment":[{"href":"https:\/\/clah.h-net.org\/index.php?rest_route=%2Fwp%2Fv2%2Fmedia&parent=560"}],"curies":[{"name":"wp","href":"https:\/\/api.w.org\/{rel}","templated":true}]}}