{"id":223,"date":"2009-07-10T16:32:06","date_gmt":"2009-07-10T20:32:06","guid":{"rendered":"http:\/\/clah.h-net.org\/?page_id=223"},"modified":"2026-01-15T17:43:53","modified_gmt":"2026-01-15T21:43:53","slug":"the-lydia-cabrera-award","status":"publish","type":"page","link":"https:\/\/clah.h-net.org\/?page_id=223","title":{"rendered":"The Lydia Cabrera Award"},"content":{"rendered":"<p>Cabrera Awards are made possible by a generous bequest from Lydia Cabrera.\u00a0 They are available to support the study of Cuba between 1492 and 1868.\u00a0 Awards are designed specifically to support:\u00a0 1) original research on Cuban history in Spanish, Mexican, and U. S. archives; 2) the publication of meritorious books on Cuba currently out of print; and 3) the publication of historical statistics, historical documents, and\u00a0 guides to Spanish archives relating to Cuban history between 1492 and 1868.<\/p>\n<p>Applicants must be trained in Latin American history and possess knowledge of Spanish.\u00a0 Successful applicants will be expected to disseminate the results of their research in scholarly publications and\/or professional papers delivered at scholarly conferences and public lectures at educational institutions.\u00a0 Applicants for original research are to be currently engaged in graduate studies at a U.S. institution or be affiliated with a college\/university faculty or accredited historical association in the United States.<\/p>\n<h3>Winners:<\/h3>\n<p><strong>2025<\/strong><br \/>\nCo-winners:<br \/>\n<strong>Keith Richards<\/strong>, Tulane University, \u201cCommerce and Colonialism: Eastern Cuba and the 17<sup>th<\/sup>-Century Caribbean\u201d<br \/>\n<strong>Justin Jones<\/strong>, Vanderbilt University, \u201cAmerica\u2019s Most Wanted: Revolutionary Privateering and the Illegal Slave Trade in the Early Nineteenth-Century Atlantic World\u201d<\/p>\n<p><strong>2024<br \/>\nBonnie Lucero<\/strong>, Texas Christian University, &#8220;Powering the Laboring Body: Beef as a Product of Primary Necessity during Colonial Cuba&#8217;s Plantation Slavery Boom, 1760s-1820s&#8221;<br \/>\n<strong>Dalia Gri\u00f1an<\/strong>, Rutgers University, &#8220;Tracing Intimate Knowledge&#8217;: African Women in Nineteenth Century Urban Cuba&#8221;<br \/>\n<strong><br \/>\n2023<\/strong><br \/>\nNo award<\/p>\n<p><strong>2022<\/strong><br \/>\n<strong>Sophia Kitlinski<\/strong>, Yale Univeristy<br \/>\n<strong>Daylin Pujol L\u00f3pez<\/strong>, Tulane University<\/p>\n<p><strong>2021<br \/>\nOriol Regu\u00e9 Sendros<\/strong>, Johns Hopkins University, \u201cAt the Fringes of Slavery: Forced Labor, Colonial Experiments, and the Spanish Empire in Nineteenth-Century Cuba\u201d<\/p>\n<p><strong>2020<br \/>\n<\/strong>No applications submitted due to the COVID-2019 pandemic<\/p>\n<p><strong>2019<br \/>\nScott Doebler<\/strong>, Pennsylvania State University, \u201cCreating a Connected Caribbean: Entangled Commodity Ecologies of Colonial Yucat\u00e1n, Cuba, and Jamaica, 1492-1717\u201d<\/p>\n<p><strong>2018<\/strong><br \/>\n<strong>David C. LaFevor<\/strong>, University of Texas, Arlington, &#8220;The Arguelles Affair and the Slave Ship Ciceron&#8221;<\/p>\n<p><strong>2017<\/strong><br \/>\n<strong>Bethany Marie Wade<\/strong>, University of Pittsburgh, &#8220;Cemeteries and the Social Order in the Nineteenth-Century Caribbean&#8221;<br \/>\n<strong>William Morgan<\/strong>, Lone Star College, &#8220;Tobacco and Coartaci\u00f3n in Nineteenth-Century Cuba&#8221;<\/p>\n<p><strong>2016<\/strong><br \/>\n<strong>Jason Daniel<\/strong>, Florida International University, &#8220;Contraband, Ship Construction, and Environmental Change in Cuba under the Early Spanish Bourbons, 1700-1762&#8221;<\/p>\n<p><strong>2015<\/strong><br \/>\n<strong>Adriana Chira<\/strong>, University of Michigan, &#8220;Owning Intimacies: Slavery, Family, and Property among Afro-descendants in Santiago de Cuba, 1803-1868&#8221;<br \/>\n<strong>Jorge Felipe<\/strong>, Michigan State University, &#8220;The Origins of the Cuban-based Slave Trade: Atlantic Networks and Local Changes (1789-1820)&#8221;<\/p>\n<p><strong>2014<\/strong><br \/>\n<strong>Scott Cave<\/strong>, Pennsylvania State University, \u201cSignals: Cross-Cultural Communication in the Spanish Atlantic Frontier, 1470-1570\u201d<\/p>\n<p><strong>2013<\/strong><br \/>\n<strong>Andr\u00e9s Pletch<\/strong>, University of Michigan, \u201cState of Exception\u201d<\/p>\n<p><strong>2012<\/strong><br \/>\n<strong>Joseph M. Clark<\/strong>, The Johns Hopkins University, \u201cRegional Exchange in the Atlantic World: The Caribbean \u2018Mirror Cities\u2019 of Havana and Veracruz in the Seventeenth Century\u201d<\/p>\n<p><strong>2011<\/strong><br \/>\n<strong>Sitela Alvarez<\/strong>, Tulane University, &#8220;The Religious and Nationalist Transformation of Cuba&#8221;<\/p>\n<p><strong>2010<\/strong><br \/>\n<strong>Jacqueline Kent<\/strong>, University of Miami, &#8220;Public Performance: Libres de Color Negotiating Equality in Mid-Nineteenth-Century Cuba, 1844-1868&#8221;<\/p>\n<p><strong>2009<\/strong> (Co-Winners)<br \/>\n<strong>Joanna Elrick<\/strong>, Vanderbilt University, &#8220;Black Religions with White Faces: \u00a0the Creolization of Religious Belief and Practice in Cuba, 1650-1750&#8221;<br \/>\n<strong>Daniel Rood<\/strong>, University of California, Irvine, &#8220;Industrial Epistemologies: \u00a0Slavery, Technology, and Economy in the Atlantic World, 1840-1860&#8221;<\/p>\n<p><span style=\"font-weight: bold;\">2008<\/span><br \/>\n<span style=\"font-weight: bold;\">Rachel Hynson<\/span>, University of North Carolina at Chapel Hill, &#8220;Politicians, Physicians, and Psychopaths: Public Responses to Insanity in Cuba, 1854-1868&#8221;<\/p>\n<p><span style=\"font-weight: bold;\">2007<\/span> (Co-Winners)<br \/>\n<span style=\"font-weight: bold;\">Amanda Warnock<\/span>, Rutgers University, &#8220;Partner and Rivals: \u00a0New England, Cuba, and the Atlantic World&#8221;<br \/>\n<span style=\"font-weight: bold;\">Alejandro de la Fuente<\/span>, University of Pittsburgh, &#8220;Slaves and the Law in Colonial Cuba&#8221;<\/p>\n<p><strong>2006 <\/strong><strong><span style=\"font-weight: normal;\">(Co-Winners)<\/span><br \/>\nEric Paul<\/strong>, University of California, Davis, \u201cEnlightenment Slavery: The Cuban Plantation in the Age of Revolution\u201d<br \/>\n<strong>Marianne Samayoa<\/strong>, University of Minnesota, \u201cShaping Health Care in Early Nineteenth-Century Cuba\u201d<br \/>\n<strong>David Wheat<\/strong>, Vanderbilt University,\u201cShouldering the Golden Age: Africans and Afrocreoles in Havana, 1580-1640\u201d<\/p>\n<p><strong>2005<br \/>\nAisha Finch<\/strong>, New York University, \u201cJunctures of Insurgency: Cuban Slaves and the Conspiracy of La Escalera, 1843-44\u201d<\/p>\n<p><strong>2004<br \/>\nEvelyn Powell Jennings<\/strong>, Saint Lawrence University, &#8220;State Slavery in Colonial Havana, 1763-1840&#8221;<\/p>\n<p><strong>2003<br \/>\n<\/strong>No award (no applications received)<\/p>\n<p><strong>2002<br \/>\nMichele Reid<\/strong>, University of Texas, Austin, \u201cNegotiating a Slave Regime: Free People of Color in Cuba, 1844-1868\u201d<\/p>\n<p><strong>2001<br \/>\nMaria Elena Diaz<\/strong>, Merrill College, &#8220;Slave Emancipation and the Changing Meanings of Freedom in Cuba and Spain, 1780-1810&#8221;<br \/>\n<strong>Charlotte Cosner<\/strong>, Florida International University, &#8220;Rich and Poor, Black and White, Slave and Free:\u00a0 A Social History of Cuba&#8217;s Tobacco Farmers, 1763-1817&#8221;<br \/>\n<strong>William Van Norman<\/strong>, University of North Carolina, &#8220;Shade Grown Slavery: Life on a Coffee Plantation in Western Cuba,1790-1845&#8221;<\/p>\n<p><strong>2000<br \/>\nLuis Mart\u00ednez Fern\u00e1ndez<\/strong>, Rutgers University, \u201cTranslation of Alexander von Humboldt&#8217;s &#8220;Political Essay on the Island of Cuba&#8221;<br \/>\n<strong>David A. Sartorius,<\/strong> University of North Carolina, &#8220;The Limits of Loyalty: Race and the Public Sphere in19th Century Cienfuegos&#8221;<\/p>\n<p><strong>1999<br \/>\nJane Landers<\/strong>, Vanderbilt University \u201cAfro-Floridian Exiles in Cuba, 1763 and 1821&#8243;<\/p>\n<p><strong>1998<br \/>\nMarikay McCabe<\/strong>, Columbia University, &#8220;Regulating Work, Legislating Gender: &#8216;Public Women&#8217; in Nineteenth-Century Havana, Cuba&#8221;<br \/>\n<strong>M. Sherry Johnson<\/strong>, Florida International University &#8220;The Majority Were Totally Destroyed: Natural Disasters and the Course of Cuban History, 1763-1804.\u201d<\/p>\n<p><strong>1997<br \/>\nJeffrey Voris<\/strong>, Emory University, \u201cThe Development of 16th Century Cuban Society&#8221;<br \/>\n<strong>Christopher Schmidt-Nowara<\/strong>, Stanford University, \u201cEmpire and Anti- Slavery: Spain, Cuba and Puerto Rico, 1833-1898&#8243;<\/p>\n<p><strong>1996<br \/>\nMatt D. Childs<\/strong>, University of Texas, Austin, &#8220;The Aponte Conspiracy of 1812&#8221;<\/p>\n<p><strong>1995<br \/>\nJoseph Carroll Dorsey<\/strong>, Hamilton College, &#8220;Troubled Tao: Self, Otherness, and Dissidence Among Chinese Workers in Nineteenth-Century Cuba&#8221;<\/p>\n<p><strong>1994<br \/>\nAmy Ferlazzo<\/strong> \u201cVagrancy in 19th Century Cuba 1820-1868&#8243;<br \/>\n<strong>Alfonso Quiroz,<\/strong> Columbia University, \u201cThe Origins of Financial Institutions in Cuba 1840-1868&#8243;<br \/>\n<strong>Linda Salvucci,<\/strong> Trinity University, \u201cSpanish Protectionist Policies US-Cuba Trade, 1821-1898&#8243;<\/p>\n<h3>Cabrera Prize Committees (Chair listed first):<\/h3>\n<p><strong>2026 <\/strong>Jennifer Lambe, Gillian McGillivray, Mariola Espinosa<strong><br \/>\n2025 <\/strong>Bonnie Lucero, Sara Kozameh, Jorge Felipe-Gonzalez<strong><br \/>\n2024 <\/strong>Kathleen Lopez, Marc McLeod, Michelle Chase<strong><br \/>\n2023 <\/strong>Takkara Brunson, Aisha Finch, Fernanda Bretones Lane<strong><br \/>\n2022<\/strong> Takkara Brunson, Aisha Finch, Fernanda Bretones<br \/>\n<strong>2021 <\/strong>Matt Childs, Takkara Brunson, Aisha Finch<br \/>\n<strong>2020 <\/strong>Matt Childs, Mariola Espinosa, Lillian Guerra<strong><br \/>\n2019<\/strong> Camillia Cowling, Matt Childs, Mariola Espinosa<strong><br \/>\n2018<\/strong> Reinaldo Rom\u00e1n, Mariola Espinosa, Matt Childs<br \/>\n<strong>2017<\/strong> Alejandra Bronfman, Reinaldo Rom\u00e1n, Camillia Cowling<br \/>\n<strong>2016<\/strong> William Van Norman, Alejandra Bronfman, Reinaldo Rom\u00e1n<br \/>\n<strong>2015<\/strong> Michele Reid-Vazquez, William Van Norman, Alejandra Bronfman<br \/>\n<strong>2014<\/strong> David Wheat, Michele Reid-Vazquez, William Van Norman<br \/>\n<strong>2013<\/strong> Lillian Guerra, David Wheat, Michele Reid-Vasquez<br \/>\n<strong>2012<\/strong> Joseph Dorsey, Lillian Guerra, David Wheat<br \/>\n<strong>2011<\/strong> Christopher Schmidt Nowara, Joseph Dorsey, Lillian Guerra<br \/>\n<strong>2010<\/strong> Jane Landers, Christopher Schmidt Nowara, Joseph Dorsey<br \/>\n<strong>2009 <\/strong> Jane Landers, Maria Elena D\u00edaz, Christopher Schmidt Nowara<br \/>\n<strong>2008 <\/strong> Lauren (Robin) Derby, David Sartorius, Sherry Johnson<br \/>\n<strong>2007 <\/strong> Ada Ferrer, Louis Perez, Reinaldo L. Rom\u00e1n<br \/>\n<strong>2006<\/strong> Lynn Stoner, Juan Carlos Santamarina, Joan Casanovas<br \/>\n<strong>2005<\/strong> Lynn Stoner, Juan Carlos Santamarina, Joan Casanovas<br \/>\n<strong>2004<\/strong> Joan Casanovas, David Sartorius, Juan Carlos Santamaria<br \/>\n<strong>2003<\/strong> Colin Palmer, Alejandro de la Fuente, Mar\u00eda Elena D\u00edaz<br \/>\n<strong>2002<\/strong> Laird W. Bergard, Eileen Findlay, Alejandra Bronfman<br \/>\n<strong>2001<\/strong> Lynn Stoner, Alida Metcalf, Kirwin R. Shaffer<br \/>\n<strong>2000<\/strong> Ada Ferrer, Jane Landers, Sherry Johnson<br \/>\n<strong>1999<\/strong> Rosalie Schwartz, Allen Kuethe, Luis Martinez-Fernandez<br \/>\n<strong>1998<\/strong> Louis P\u00e9rez Jr., Luis Mart\u00ednez-Fern\u00e1ndez, Lynn Stoner<br \/>\n<strong>1997<\/strong> Louis P\u00e9rez Jr., Rebecca J. Scott, Lynn Stoner<br \/>\n<strong>1996<\/strong> Louis P\u00e9rez Jr., Rebecca J. Scott, Lynn Stoner<br \/>\n<strong>1995<\/strong> Lous P\u00e9rez Jr., Antonio Benitez-Rojo, Robert Paquette<\/p>\n<table style=\"margin-top: 25px;\" border=\"0\" align=\"center\">\n<tbody>\n<tr>\n<th><a href=\"https:\/\/clah.h-net.org\/?page_id=212\"> &lt; Prev<\/a><\/th>\n<td width=\"50\"><\/td>\n<th><a href=\"https:\/\/clah.h-net.org\/?page_id=238\"> Next &gt;<\/a><\/th>\n<\/tr>\n<\/tbody>\n<\/table>\n","protected":false},"excerpt":{"rendered":"<p>Cabrera Awards are made possible by a generous bequest from Lydia Cabrera.\u00a0 They are available to support the study of Cuba between 1492 and 1868.\u00a0 Awards are designed specifically to support:\u00a0 1) original research on Cuban history in Spanish, Mexican, and U. S. archives; 2) the publication of meritorious books on Cuba currently out of [&hellip;]<\/p>\n","protected":false},"author":1,"featured_media":0,"parent":169,"menu_order":8,"comment_status":"closed","ping_status":"closed","template":"","meta":{"footnotes":""},"class_list":["post-223","page","type-page","status-publish","hentry"],"_links":{"self":[{"href":"https:\/\/clah.h-net.org\/index.php?rest_route=\/wp\/v2\/pages\/223","targetHints":{"allow":["GET"]}}],"collection":[{"href":"https:\/\/clah.h-net.org\/index.php?rest_route=\/wp\/v2\/pages"}],"about":[{"href":"https:\/\/clah.h-net.org\/index.php?rest_route=\/wp\/v2\/types\/page"}],"author":[{"embeddable":true,"href":"https:\/\/clah.h-net.org\/index.php?rest_route=\/wp\/v2\/users\/1"}],"replies":[{"embeddable":true,"href":"https:\/\/clah.h-net.org\/index.php?rest_route=%2Fwp%2Fv2%2Fcomments&post=223"}],"version-history":[{"count":25,"href":"https:\/\/clah.h-net.org\/index.php?rest_route=\/wp\/v2\/pages\/223\/revisions"}],"predecessor-version":[{"id":9573,"href":"https:\/\/clah.h-net.org\/index.php?rest_route=\/wp\/v2\/pages\/223\/revisions\/9573"}],"up":[{"embeddable":true,"href":"https:\/\/clah.h-net.org\/index.php?rest_route=\/wp\/v2\/pages\/169"}],"wp:attachment":[{"href":"https:\/\/clah.h-net.org\/index.php?rest_route=%2Fwp%2Fv2%2Fmedia&parent=223"}],"curies":[{"name":"wp","href":"https:\/\/api.w.org\/{rel}","templated":true}]}}