{"id":13,"date":"2009-07-07T14:02:46","date_gmt":"2009-07-07T18:02:46","guid":{"rendered":"http:\/\/clah.h-net.org\/?page_id=13"},"modified":"2026-01-15T17:55:32","modified_gmt":"2026-01-15T21:55:32","slug":"officers-and-committees","status":"publish","type":"page","link":"https:\/\/clah.h-net.org\/?page_id=13","title":{"rendered":"Officers and Committees"},"content":{"rendered":"<h2><span style=\"color: #333333;\">Council<\/span><\/h2>\n<p>The Conference is governed by a Council composed of the Conference President, Vice-President, Executive Director, Past President, editors of the Hispanic American Historical Review, The Americas, and H-LatAm; and six members elected to two-year terms.<\/p>\n<p><span style=\"color: #333333;\"><strong>Executive Committee:<br \/>\n<\/strong><\/span><em>President:<\/em> Alejandra Bronfman<br \/>\n<em>Vice President and President-Elect:<\/em> Herman Bennett<br \/>\n<em>Past President:<\/em> Celso Castilho<br \/>\n<em>Executive Director:<\/em> Erika Denise Edwards<\/p>\n<p><strong>Elected Members:<\/strong><br \/>\nAdriana Chira (2025-2026)<br \/>\nErnesto Capello (2025-2026)<br \/>\nHaley Schroer (2025-2026)<br \/>\nYuko Miki (2026-2027)<br \/>\nV\u00edctor M. Mac\u00edas-Gonz\u00e1lez (2026-2027)<br \/>\nJennifer L. Schaefer (2026-2027)<\/p>\n<p><strong>Ex-Officio Members:<\/strong><\/p>\n<p><em>HAHR Editor: <\/em>William Summerhill<em><br \/>\nThe Americas Editor:<\/em> Ivonne Wallace Fuentes<br \/>\n<em>H-LatAm Editors:<\/em> Marc Becker and John F. Schwaller<\/p>\n<h2><span style=\"color: #333333;\"><br \/>\nStanding Committees<\/span><\/h2>\n<p>The Conference has several standing committees, including the Nominating and Program Committees, in addition to its prize selection committees.\u00a0 The Conference can also constitute special committees in order to carry out programs approved by the General Committee and\/or the membership.<\/p>\n<p><strong>Nominating Committee:<\/strong><br \/>\nRaymond B. Craib (chair)<br \/>\nEric Zolov<br \/>\nChristine Ehrick<\/p>\n<p><strong>Program Committee:<\/strong><br \/>\nJeffrey Erbig (2026 chair)<br \/>\nBeau Gaitors (2027 chair)<br \/>\nMar\u00eda de los \u00c1ngeles Picone<\/p>\n<h2><span style=\"color: #333333;\">Regional\/Topical Sections<\/span><\/h2>\n<p>In order to promote scholarship germane to their respective regions and periods, the Conference has established ten Regional Sections as well as a Teaching\/Teaching Materials Sections which may be joined only by Conference members. These groups are:<\/p>\n<p><span style=\"font-weight: bold;\">Andean Studies:<\/span><br \/>\nSilvia Escanilla Huerta, Chair<br \/>\nGonzalo Romero Sommer, Secretary<\/p>\n<p><strong>Atlantic World Studies:<\/strong><br \/>\nFarren Yero, Chair<br \/>\nAna Mar\u00eda Silva Campo, Secretary<\/p>\n<p><strong>Borderlands\/Frontiers:<\/strong><br \/>\nXimena Sevilla, Chair<br \/>\nSarah Sarzynski, Secretary<\/p>\n<p><strong>Brazilian Studies:<\/strong><br \/>\nCourtney J. Campbell, Chair<br \/>\nJos\u00e9 Juan P\u00e9rez Mel\u00e9ndez, Secretary<\/p>\n<p><strong>Caribbean Studies:<\/strong><br \/>\nAlexa Rodr\u00edguez, Chair<br \/>\nM\u00f3nica A. Jim\u00e9nez, Secretary<\/p>\n<p><strong>Central American Studies:<\/strong><br \/>\nMelanie Y. White, Chair<br \/>\nSarah Foss, Secretary<\/p>\n<p><strong>Southern Cone Studies:<\/strong><br \/>\nAndra B. Chastain, Chair<br \/>\nJeffrey Erbig, Secretary<\/p>\n<p><strong>Colonial Studies:<\/strong><br \/>\nJoseph M. H. Clark, Chair<br \/>\nHannah R. Abrahamson, Secretary<\/p>\n<p><strong>Gran Colombia Studies:<\/strong><br \/>\nSantiago Mu\u00f1oz Arbel\u00e1ez, Chair<br \/>\nLaura Correa Ochoa, Secretary<\/p>\n<p><strong>Mexican Studies<\/strong><br \/>\nCarolina Ortega, Chair<br \/>\nLuis Herr\u00e1n-\u00c1vila, Secretary<\/p>\n<p><strong>Teaching and Teaching Materials:<\/strong><br \/>\nHannah Greenwald, Chair<br \/>\nIvonne Wallace Fuentes, Secretary<\/p>\n","protected":false},"excerpt":{"rendered":"<p>Council The Conference is governed by a Council composed of the Conference President, Vice-President, Executive Director, Past President, editors of the Hispanic American Historical Review, The Americas, and H-LatAm; and six members elected to two-year terms. Executive Committee: President: Alejandra Bronfman Vice President and President-Elect: Herman Bennett Past President: Celso Castilho Executive Director: Erika Denise [&hellip;]<\/p>\n","protected":false},"author":1,"featured_media":0,"parent":2,"menu_order":2,"comment_status":"open","ping_status":"closed","template":"","meta":{"footnotes":""},"class_list":["post-13","page","type-page","status-publish","hentry"],"_links":{"self":[{"href":"https:\/\/clah.h-net.org\/index.php?rest_route=\/wp\/v2\/pages\/13","targetHints":{"allow":["GET"]}}],"collection":[{"href":"https:\/\/clah.h-net.org\/index.php?rest_route=\/wp\/v2\/pages"}],"about":[{"href":"https:\/\/clah.h-net.org\/index.php?rest_route=\/wp\/v2\/types\/page"}],"author":[{"embeddable":true,"href":"https:\/\/clah.h-net.org\/index.php?rest_route=\/wp\/v2\/users\/1"}],"replies":[{"embeddable":true,"href":"https:\/\/clah.h-net.org\/index.php?rest_route=%2Fwp%2Fv2%2Fcomments&post=13"}],"version-history":[{"count":25,"href":"https:\/\/clah.h-net.org\/index.php?rest_route=\/wp\/v2\/pages\/13\/revisions"}],"predecessor-version":[{"id":9582,"href":"https:\/\/clah.h-net.org\/index.php?rest_route=\/wp\/v2\/pages\/13\/revisions\/9582"}],"up":[{"embeddable":true,"href":"https:\/\/clah.h-net.org\/index.php?rest_route=\/wp\/v2\/pages\/2"}],"wp:attachment":[{"href":"https:\/\/clah.h-net.org\/index.php?rest_route=%2Fwp%2Fv2%2Fmedia&parent=13"}],"curies":[{"name":"wp","href":"https:\/\/api.w.org\/{rel}","templated":true}]}}